{"id":9,"date":"2019-10-05T12:33:44","date_gmt":"2019-10-05T12:33:44","guid":{"rendered":"http:\/\/geschichtsverein-muenster.de\/?page_id=9"},"modified":"2019-10-11T14:05:44","modified_gmt":"2019-10-11T14:05:44","slug":"impressum","status":"publish","type":"page","link":"https:\/\/geschichtsverein-muenster.de\/?page_id=9","title":{"rendered":"Impressum"},"content":{"rendered":"\n<p> Geschichtsverein M\u00fcnster e. V. <br> Bezirksstrasse 24 a <br> 65618 Selters-M\u00fcnster <br><br> Tel.: 06483 \/ 911820 <br> e-Mail:matt.fink@t-online.de <br><br> vertretungsberechtigter Vorstand: <br> Name: Matthias Fink (Vorsitzender) <br> Name Volker Schmidt (stellvertr. Vorsitzender) <br> <br> Registergericht: Amtsgericht Limburg <br><br> Inhaltlich Verantwortlicher gem\u00e4\u00df \u00a7 55 Abs. 2 RStV: Matthias Fink <br><br>Haftungshinweis: Trotz sorgf\u00e4ltiger inhaltlicher Kontrolle \u00fcbernehmen wir keine Haftung  f\u00fcr die Inhalte externer Links. F\u00fcr den Inhalt der verlinkten Seiten  sind ausschlie\u00dflich deren Betreiber verantwortlich. <\/p>\n","protected":false},"excerpt":{"rendered":"<p>Geschichtsverein M\u00fcnster e. V. Bezirksstrasse 24 a 65618 Selters-M\u00fcnster Tel.: 06483 \/ 911820 e-Mail:matt.fink@t-online.de vertretungsberechtigter Vorstand: Name: Matthias Fink (Vorsitzender) Name Volker Schmidt (stellvertr. Vorsitzender) Registergericht: Amtsgericht Limburg Inhaltlich Verantwortlicher gem\u00e4\u00df \u00a7 55 Abs. 2 RStV: Matthias Fink Haftungshinweis: Trotz &hellip; <a href=\"https:\/\/geschichtsverein-muenster.de\/?page_id=9\">Weiterlesen <span class=\"meta-nav\">&rarr;<\/span><\/a><\/p>\n","protected":false},"author":1,"featured_media":0,"parent":0,"menu_order":8,"comment_status":"closed","ping_status":"closed","template":"","meta":[],"_links":{"self":[{"href":"https:\/\/geschichtsverein-muenster.de\/index.php?rest_route=\/wp\/v2\/pages\/9"}],"collection":[{"href":"https:\/\/geschichtsverein-muenster.de\/index.php?rest_route=\/wp\/v2\/pages"}],"about":[{"href":"https:\/\/geschichtsverein-muenster.de\/index.php?rest_route=\/wp\/v2\/types\/page"}],"author":[{"embeddable":true,"href":"https:\/\/geschichtsverein-muenster.de\/index.php?rest_route=\/wp\/v2\/users\/1"}],"replies":[{"embeddable":true,"href":"https:\/\/geschichtsverein-muenster.de\/index.php?rest_route=%2Fwp%2Fv2%2Fcomments&post=9"}],"version-history":[{"count":3,"href":"https:\/\/geschichtsverein-muenster.de\/index.php?rest_route=\/wp\/v2\/pages\/9\/revisions"}],"predecessor-version":[{"id":28,"href":"https:\/\/geschichtsverein-muenster.de\/index.php?rest_route=\/wp\/v2\/pages\/9\/revisions\/28"}],"wp:attachment":[{"href":"https:\/\/geschichtsverein-muenster.de\/index.php?rest_route=%2Fwp%2Fv2%2Fmedia&parent=9"}],"curies":[{"name":"wp","href":"https:\/\/api.w.org\/{rel}","templated":true}]}}